{"id":700,"date":"2023-05-11T17:30:11","date_gmt":"2023-05-11T15:30:11","guid":{"rendered":"https:\/\/www.ceoi2023.de\/?page_id=700"},"modified":"2023-07-28T13:08:43","modified_gmt":"2023-07-28T11:08:43","slug":"locations","status":"publish","type":"page","link":"https:\/\/www.ceoi2023.de\/index.php\/locations\/","title":{"rendered":"Locations"},"content":{"rendered":"\n<p><a target=\"_blank\" rel=\"noreferrer noopener\" href=\"https:\/\/umap.openstreetmap.fr\/en\/map\/ceoi-2023_913219\">Open map in a new window<\/a><\/p>\n<iframe loading=\"lazy\" allowfullscreen=\"\" src=\"\/\/umap.openstreetmap.fr\/en\/map\/ceoi-2023_913219?scaleControl=false&amp;miniMap=false&amp;scrollWheelZoom=false&amp;zoomControl=true&amp;allowEdit=false&amp;moreControl=false&amp;searchControl=true&amp;tilelayersControl=false&amp;embedControl=false&amp;datalayersControl=false&amp;captionBar=false&amp;fullscreenControl=false&amp;locateControl=false&amp;measureControl=false&amp;editinosmControl=false\" width=\"100%\" height=\"600px\" frameborder=\"0\"><\/iframe>\n\n\n\n<div class=\"wp-block-media-text is-stacked-on-mobile is-vertically-aligned-center\"><figure class=\"wp-block-media-text__media\"><img decoding=\"async\" loading=\"lazy\" width=\"800\" height=\"600\" src=\"https:\/\/www.ceoi2023.de\/wp-content\/uploads\/2023\/01\/Hauptbahnhof_MD.jpg\" alt=\"\" class=\"wp-image-572 size-full\" srcset=\"https:\/\/www.ceoi2023.de\/wp-content\/uploads\/2023\/01\/Hauptbahnhof_MD.jpg 800w, https:\/\/www.ceoi2023.de\/wp-content\/uploads\/2023\/01\/Hauptbahnhof_MD-300x225.jpg 300w, https:\/\/www.ceoi2023.de\/wp-content\/uploads\/2023\/01\/Hauptbahnhof_MD-768x576.jpg 768w\" sizes=\"(max-width: 800px) 100vw, 800px\" \/><\/figure><div class=\"wp-block-media-text__content\">\n<h3> <a rel=\"noreferrer noopener\" href=\"https:\/\/goo.gl\/maps\/wCsQBaWtk49HsTMU8\" data-type=\"URL\" data-id=\"https:\/\/goo.gl\/maps\/wCsQBaWtk49HsTMU8\" target=\"_blank\"><img decoding=\"async\" loading=\"lazy\" width=\"32\" height=\"32\" class=\"wp-image-705\" style=\"width: 32px;\" src=\"https:\/\/www.ceoi2023.de\/wp-content\/uploads\/2023\/05\/index.png\" alt=\"\"><\/a>Main Station<\/h3>\n\n\n\n<p><\/p>\n<\/div><\/div>\n\n\n\n<div class=\"wp-block-media-text has-media-on-the-right is-stacked-on-mobile\" id=\"youth_hostel\"><div class=\"wp-block-media-text__content\">\n<h3>Youth Hostel<\/h3>\n\n\n\n<p><a href=\"https:\/\/goo.gl\/maps\/NPw4JsNK7rpD7C9K6\" data-type=\"URL\" data-id=\"https:\/\/goo.gl\/maps\/NPw4JsNK7rpD7C9K6\" target=\"_blank\" rel=\"noreferrer noopener\"><img decoding=\"async\" loading=\"lazy\" width=\"32\" height=\"32\" class=\"wp-image-705\" style=\"width: 28px;\" src=\"https:\/\/www.ceoi2023.de\/wp-content\/uploads\/2023\/05\/index.png\" alt=\"\"><\/a> <strong>Leiterstra\u00dfe 10,<\/strong> <strong>39104 Magdeburg<\/strong><\/p>\n\n\n\n<p>Accommodation for participants<\/p>\n<\/div><figure class=\"wp-block-media-text__media\"><img decoding=\"async\" loading=\"lazy\" width=\"753\" height=\"502\" src=\"https:\/\/www.ceoi2023.de\/wp-content\/uploads\/2023\/01\/JH_HD.jpg\" alt=\"\" class=\"wp-image-573 size-full\" srcset=\"https:\/\/www.ceoi2023.de\/wp-content\/uploads\/2023\/01\/JH_HD.jpg 753w, https:\/\/www.ceoi2023.de\/wp-content\/uploads\/2023\/01\/JH_HD-300x200.jpg 300w\" sizes=\"(max-width: 753px) 100vw, 753px\" \/><\/figure><\/div>\n\n\n\n<div class=\"wp-block-media-text is-stacked-on-mobile\" id=\"fin\"><figure class=\"wp-block-media-text__media\"><img decoding=\"async\" loading=\"lazy\" width=\"1024\" height=\"748\" src=\"https:\/\/www.ceoi2023.de\/wp-content\/uploads\/2023\/01\/FIN-1024x748.jpg\" alt=\"\" class=\"wp-image-571 size-full\" srcset=\"https:\/\/www.ceoi2023.de\/wp-content\/uploads\/2023\/01\/FIN-1024x748.jpg 1024w, https:\/\/www.ceoi2023.de\/wp-content\/uploads\/2023\/01\/FIN-300x219.jpg 300w, https:\/\/www.ceoi2023.de\/wp-content\/uploads\/2023\/01\/FIN-768x561.jpg 768w, https:\/\/www.ceoi2023.de\/wp-content\/uploads\/2023\/01\/FIN-1536x1122.jpg 1536w, https:\/\/www.ceoi2023.de\/wp-content\/uploads\/2023\/01\/FIN.jpg 1708w\" sizes=\"(max-width: 1024px) 100vw, 1024px\" \/><\/figure><div class=\"wp-block-media-text__content\">\n<h3>OvGU &#8211; G29<br>Otto von Guericke University<br>Building 29<\/h3>\n\n\n\n<p><a href=\"https:\/\/goo.gl\/maps\/jUsJu1YqyNQ6TotD6\" data-type=\"URL\" data-id=\"https:\/\/goo.gl\/maps\/jUsJu1YqyNQ6TotD6\" target=\"_blank\" rel=\"noreferrer noopener\"><img decoding=\"async\" loading=\"lazy\" width=\"32\" height=\"32\" class=\"wp-image-705\" style=\"width: 28px;\" src=\"https:\/\/www.ceoi2023.de\/wp-content\/uploads\/2023\/05\/index.png\" alt=\"\"><\/a><strong>Gustav-Adolf-Stra\u00dfe 15, 39106<\/strong> <strong>Magdeburg<\/strong><\/p>\n\n\n\n<p>Venue of the competition<\/p>\n<\/div><\/div>\n\n\n\n<div class=\"wp-block-media-text has-media-on-the-right is-stacked-on-mobile\" id=\"g26\"><div class=\"wp-block-media-text__content\">\n<h3>OvGU &#8211; G26<br>Otto von Guericke University<br>Building 26<\/h3>\n\n\n\n<p><a href=\"https:\/\/goo.gl\/maps\/oNFQPYzEtHuGomkA8\" data-type=\"URL\" data-id=\"https:\/\/goo.gl\/maps\/oNFQPYzEtHuGomkA8\" target=\"_blank\" rel=\"noreferrer noopener\"><img decoding=\"async\" loading=\"lazy\" width=\"32\" height=\"32\" class=\"wp-image-705\" style=\"width: 28px;\" src=\"https:\/\/www.ceoi2023.de\/wp-content\/uploads\/2023\/05\/index.png\" alt=\"\"><\/a><strong>Gustav-Adolf-Stra\u00dfe 15, 39106<\/strong> <strong>Magdeburg<\/strong><\/p>\n\n\n\n<p>Venue of the competition<\/p>\n<\/div><figure class=\"wp-block-media-text__media\"><img decoding=\"async\" loading=\"lazy\" width=\"730\" height=\"350\" src=\"https:\/\/www.ceoi2023.de\/wp-content\/uploads\/2023\/07\/URZ.jpg\" alt=\"\" class=\"wp-image-795 size-full\" srcset=\"https:\/\/www.ceoi2023.de\/wp-content\/uploads\/2023\/07\/URZ.jpg 730w, https:\/\/www.ceoi2023.de\/wp-content\/uploads\/2023\/07\/URZ-300x144.jpg 300w\" sizes=\"(max-width: 730px) 100vw, 730px\" \/><\/figure><\/div>\n\n\n\n<div class=\"wp-block-media-text is-stacked-on-mobile\" id=\"mensa\"><figure class=\"wp-block-media-text__media\"><img decoding=\"async\" loading=\"lazy\" width=\"1024\" height=\"683\" src=\"https:\/\/www.ceoi2023.de\/wp-content\/uploads\/2023\/07\/Mensa-1-1024x683.jpg\" alt=\"\" class=\"wp-image-833 size-full\" srcset=\"https:\/\/www.ceoi2023.de\/wp-content\/uploads\/2023\/07\/Mensa-1-1024x683.jpg 1024w, https:\/\/www.ceoi2023.de\/wp-content\/uploads\/2023\/07\/Mensa-1-300x200.jpg 300w, https:\/\/www.ceoi2023.de\/wp-content\/uploads\/2023\/07\/Mensa-1-768x512.jpg 768w, https:\/\/www.ceoi2023.de\/wp-content\/uploads\/2023\/07\/Mensa-1-1536x1024.jpg 1536w, https:\/\/www.ceoi2023.de\/wp-content\/uploads\/2023\/07\/Mensa-1-2048x1365.jpg 2048w, https:\/\/www.ceoi2023.de\/wp-content\/uploads\/2023\/07\/Mensa-1-930x620.jpg 930w\" sizes=\"(max-width: 1024px) 100vw, 1024px\" \/><\/figure><div class=\"wp-block-media-text__content\">\n<h3>OvGU &#8211; Mensa<br>Otto von Guericke University<br>Mensa<\/h3>\n\n\n\n<p><a href=\"https:\/\/goo.gl\/maps\/Y4LDf16euz59GtJN7\" data-type=\"URL\" data-id=\"https:\/\/goo.gl\/maps\/Y4LDf16euz59GtJN7\" target=\"_blank\" rel=\"noreferrer noopener\"><img decoding=\"async\" loading=\"lazy\" width=\"32\" height=\"32\" class=\"wp-image-705\" style=\"width: 28px;\" src=\"https:\/\/www.ceoi2023.de\/wp-content\/uploads\/2023\/05\/index.png\" alt=\"\"><\/a><strong>Gustav-Adolf-Stra\u00dfe 15, 39106<\/strong> <strong>Magdeburg<\/strong><\/p>\n\n\n\n<p>Lunch Monday and Friday<\/p>\n<\/div><\/div>\n\n\n\n<div class=\"wp-block-media-text has-media-on-the-right is-stacked-on-mobile\" id=\"port_of_science\"><div class=\"wp-block-media-text__content\">\n<h3>Port of Science<\/h3>\n\n\n\n<p><a rel=\"noreferrer noopener\" href=\"https:\/\/goo.gl\/maps\/mSisKiTKPixkWFAF8\" data-type=\"URL\" target=\"_blank\"><img decoding=\"async\" loading=\"lazy\" width=\"32\" height=\"32\" class=\"wp-image-705\" style=\"width: 28px;\" src=\"https:\/\/www.ceoi2023.de\/wp-content\/uploads\/2023\/05\/index.png\" alt=\"\"><\/a><strong>Joseph-von-Fraunhofer-Stra\u00dfe 1A, 39106 Magdeburg<\/strong><\/p>\n\n\n\n<p><\/p>\n<\/div><figure class=\"wp-block-media-text__media\"><img decoding=\"async\" loading=\"lazy\" width=\"800\" height=\"486\" src=\"https:\/\/www.ceoi2023.de\/wp-content\/uploads\/2023\/07\/SciencePort.jpg\" alt=\"\" class=\"wp-image-800 size-full\" srcset=\"https:\/\/www.ceoi2023.de\/wp-content\/uploads\/2023\/07\/SciencePort.jpg 800w, https:\/\/www.ceoi2023.de\/wp-content\/uploads\/2023\/07\/SciencePort-300x182.jpg 300w, https:\/\/www.ceoi2023.de\/wp-content\/uploads\/2023\/07\/SciencePort-768x467.jpg 768w\" sizes=\"(max-width: 800px) 100vw, 800px\" \/><\/figure><\/div>\n\n\n\n<div class=\"wp-block-media-text is-stacked-on-mobile\" id=\"city_hall\"><figure class=\"wp-block-media-text__media\"><img decoding=\"async\" loading=\"lazy\" width=\"1024\" height=\"682\" src=\"https:\/\/www.ceoi2023.de\/wp-content\/uploads\/2023\/07\/CittyHall-1024x682.jpg\" alt=\"\" class=\"wp-image-798 size-full\" srcset=\"https:\/\/www.ceoi2023.de\/wp-content\/uploads\/2023\/07\/CittyHall-1024x682.jpg 1024w, https:\/\/www.ceoi2023.de\/wp-content\/uploads\/2023\/07\/CittyHall-300x200.jpg 300w, https:\/\/www.ceoi2023.de\/wp-content\/uploads\/2023\/07\/CittyHall-768x512.jpg 768w, https:\/\/www.ceoi2023.de\/wp-content\/uploads\/2023\/07\/CittyHall-930x620.jpg 930w, https:\/\/www.ceoi2023.de\/wp-content\/uploads\/2023\/07\/CittyHall.jpg 1280w\" sizes=\"(max-width: 1024px) 100vw, 1024px\" \/><\/figure><div class=\"wp-block-media-text__content\">\n<h3>City Hall<\/h3>\n\n\n\n<p><a href=\"https:\/\/goo.gl\/maps\/5QbHWCPoHj2i9qze6\" data-type=\"URL\" data-id=\"https:\/\/goo.gl\/maps\/5QbHWCPoHj2i9qze6\" target=\"_blank\" rel=\"noreferrer noopener\"><img decoding=\"async\" loading=\"lazy\" width=\"32\" height=\"32\" class=\"wp-image-705\" style=\"width: 28px;\" src=\"https:\/\/www.ceoi2023.de\/wp-content\/uploads\/2023\/05\/index.png\" alt=\"\"><\/a><strong>Alter Markt 6, 39104 Magdeburg<\/strong><\/p>\n\n\n\n<p>Closing ceremony<\/p>\n<\/div><\/div>\n","protected":false},"excerpt":{"rendered":"<p>Open map in a new window Main Station Youth Hostel Leiterstra\u00dfe 10, 39104 Magdeburg Accommodation for participants OvGU &#8211; G29Otto von Guericke UniversityBuilding 29 Gustav-Adolf-Stra\u00dfe 15, 39106 Magdeburg Venue of the competition OvGU &#8211; G26Otto von Guericke UniversityBuilding 26 Gustav-Adolf-Stra\u00dfe 15, 39106 Magdeburg Venue of the competition OvGU &#8211; MensaOtto von Guericke UniversityMensa Gustav-Adolf-Stra\u00dfe 15,&hellip;&nbsp;<a href=\"https:\/\/www.ceoi2023.de\/index.php\/locations\/\" class=\"\" rel=\"bookmark\">Read More &raquo;<span class=\"screen-reader-text\">Locations<\/span><\/a><\/p>\n","protected":false},"author":4,"featured_media":0,"parent":0,"menu_order":0,"comment_status":"closed","ping_status":"closed","template":"","meta":{"neve_meta_sidebar":"full-width","neve_meta_container":"","neve_meta_enable_content_width":"on","neve_meta_content_width":100,"neve_meta_title_alignment":"","neve_meta_author_avatar":"","neve_post_elements_order":"","neve_meta_disable_header":"","neve_meta_disable_footer":"","neve_meta_disable_title":"","ngg_post_thumbnail":0},"_links":{"self":[{"href":"https:\/\/www.ceoi2023.de\/index.php\/wp-json\/wp\/v2\/pages\/700"}],"collection":[{"href":"https:\/\/www.ceoi2023.de\/index.php\/wp-json\/wp\/v2\/pages"}],"about":[{"href":"https:\/\/www.ceoi2023.de\/index.php\/wp-json\/wp\/v2\/types\/page"}],"author":[{"embeddable":true,"href":"https:\/\/www.ceoi2023.de\/index.php\/wp-json\/wp\/v2\/users\/4"}],"replies":[{"embeddable":true,"href":"https:\/\/www.ceoi2023.de\/index.php\/wp-json\/wp\/v2\/comments?post=700"}],"version-history":[{"count":26,"href":"https:\/\/www.ceoi2023.de\/index.php\/wp-json\/wp\/v2\/pages\/700\/revisions"}],"predecessor-version":[{"id":835,"href":"https:\/\/www.ceoi2023.de\/index.php\/wp-json\/wp\/v2\/pages\/700\/revisions\/835"}],"wp:attachment":[{"href":"https:\/\/www.ceoi2023.de\/index.php\/wp-json\/wp\/v2\/media?parent=700"}],"curies":[{"name":"wp","href":"https:\/\/api.w.org\/{rel}","templated":true}]}}