{"id":140,"date":"2021-03-26T14:36:54","date_gmt":"2021-03-26T13:36:54","guid":{"rendered":"https:\/\/www.ceoi2023.de\/?page_id=140"},"modified":"2023-07-12T09:07:58","modified_gmt":"2023-07-12T07:07:58","slug":"previous","status":"publish","type":"page","link":"https:\/\/www.ceoi2023.de\/index.php\/previous\/","title":{"rendered":"Previous CEOIs"},"content":{"rendered":"\n<figure class=\"wp-block-table is-style-stripes\"><table><tbody><tr><td>2022<\/td><td><a href=\"https:\/\/hsin.hr\/ceoi\/\" data-type=\"URL\" data-id=\"https:\/\/hsin.hr\/ceoi\/\" target=\"_blank\" rel=\"noreferrer noopener\">Varazdin, Croatia<\/a><\/td><\/tr><tr><td>2021<\/td><td>Zagreb, Croatia (virtual)<\/td><\/tr><tr><td>2020<\/td><td><a href=\"https:\/\/ceoi2020.inf.elte.hu\">Nagykanizsa, Hungary<\/a><\/td><\/tr><tr><td>2019<\/td><td>Bratislava, Slovakia<\/td><\/tr><tr><td>2018<\/td><td>Warsaw, Poland<\/td><\/tr><tr><td>2017<\/td><td>Ljubljana, Slovenia<\/td><\/tr><tr><td>2016<\/td><td><a href=\"http:\/\/www.ceoi2016.ro\/\">Piatra Neam\u021b, Romania<\/a><\/td><\/tr><tr><td>2015<\/td><td><a href=\"https:\/\/ceoi2015.fi.muni.cz\/\" data-type=\"URL\" data-id=\"https:\/\/ceoi2015.fi.muni.cz\/\" target=\"_blank\" rel=\"noreferrer noopener\">Brno, Czech Republic<\/a><\/td><\/tr><tr><td>2014<\/td><td><a href=\"https:\/\/ceoi2014.informatik-olympiade.de\/\" data-type=\"URL\" data-id=\"https:\/\/ceoi2014.informatik-olympiade.de\/\" target=\"_blank\" rel=\"noreferrer noopener\">Jena, Germany<\/a><\/td><\/tr><tr><td>2013<\/td><td><a href=\"https:\/\/ceoi2013.hsin.hr\/\" data-type=\"URL\" data-id=\"https:\/\/ceoi2013.hsin.hr\/\" target=\"_blank\" rel=\"noreferrer noopener\">Primo\u0161ten, Croatia<\/a><\/td><\/tr><tr><td>2012<\/td><td><a href=\"http:\/\/ceoi2012.elte.hu\/\" data-type=\"URL\" data-id=\"http:\/\/ceoi2012.elte.hu\/\" target=\"_blank\" rel=\"noreferrer noopener\">Tata, Hungary<\/a><\/td><\/tr><tr><td>2011<\/td><td>Gdynia, Poland<\/td><\/tr><tr><td>2010<\/td><td>Ko\u0161ice, Slovakia<\/td><\/tr><tr><td>2009<\/td><td>T\u00e2rgu Mure\u015f, Romania<\/td><\/tr><tr><td>2008<\/td><td>Dresden, Germany<\/td><\/tr><tr><td>2007<\/td><td>Brno, Czech Republic<\/td><\/tr><tr><td>2006<\/td><td>Vrsar, Croatia<\/td><\/tr><tr><td>2005<\/td><td>S\u00e1rospatak, Hungary<\/td><\/tr><tr><td>2004<\/td><td>Rzesz\u00f3w, Poland<\/td><\/tr><tr><td>2003<\/td><td>M\u00fcnster, Germany<\/td><\/tr><tr><td>2002<\/td><td>Ko\u0161ice, Slovakia<\/td><\/tr><tr><td>2001<\/td><td>Zalaegerszeg, Hungary<\/td><\/tr><tr><td>2000<\/td><td>Cluj-Napoca, Romania<\/td><\/tr><tr><td>1999<\/td><td>Brno, Czech Republic<\/td><\/tr><tr><td>1998<\/td><td>Zadar, Croatia<\/td><\/tr><tr><td>1997<\/td><td>Nowy S\u0105cz, Poland<\/td><\/tr><tr><td>1996<\/td><td>Bratislava, Slovakia<\/td><\/tr><tr><td>1995<\/td><td>Szeged, Hungary<\/td><\/tr><tr><td>1994<\/td><td>Cluj-Napoca, Romania<\/td><\/tr><\/tbody><\/table><\/figure>\n\n\n\n<p>A complete archive and further information can be found here: <a href=\"http:\/\/ceoi.inf.elte.hu\/history\/\" data-type=\"URL\" target=\"_blank\" rel=\"noreferrer noopener\">ceoi.inf.elte.hu\/history\/<\/a>.<\/p>\n","protected":false},"excerpt":{"rendered":"<p>2022 Varazdin, Croatia 2021 Zagreb, Croatia (virtual) 2020 Nagykanizsa, Hungary 2019 Bratislava, Slovakia 2018 Warsaw, Poland 2017 Ljubljana, Slovenia 2016 Piatra Neam\u021b, Romania 2015 Brno, Czech Republic 2014 Jena, Germany 2013 Primo\u0161ten, Croatia 2012 Tata, Hungary 2011 Gdynia, Poland 2010 Ko\u0161ice, Slovakia 2009 T\u00e2rgu Mure\u015f, Romania 2008 Dresden, Germany 2007 Brno, Czech Republic 2006 Vrsar,&hellip;&nbsp;<a href=\"https:\/\/www.ceoi2023.de\/index.php\/previous\/\" class=\"\" rel=\"bookmark\">Read More &raquo;<span class=\"screen-reader-text\">Previous CEOIs<\/span><\/a><\/p>\n","protected":false},"author":1,"featured_media":0,"parent":0,"menu_order":0,"comment_status":"closed","ping_status":"closed","template":"","meta":{"neve_meta_sidebar":"full-width","neve_meta_container":"","neve_meta_enable_content_width":"on","neve_meta_content_width":100,"neve_meta_title_alignment":"","neve_meta_author_avatar":"","neve_post_elements_order":"","neve_meta_disable_header":"","neve_meta_disable_footer":"","neve_meta_disable_title":"","ngg_post_thumbnail":0},"_links":{"self":[{"href":"https:\/\/www.ceoi2023.de\/index.php\/wp-json\/wp\/v2\/pages\/140"}],"collection":[{"href":"https:\/\/www.ceoi2023.de\/index.php\/wp-json\/wp\/v2\/pages"}],"about":[{"href":"https:\/\/www.ceoi2023.de\/index.php\/wp-json\/wp\/v2\/types\/page"}],"author":[{"embeddable":true,"href":"https:\/\/www.ceoi2023.de\/index.php\/wp-json\/wp\/v2\/users\/1"}],"replies":[{"embeddable":true,"href":"https:\/\/www.ceoi2023.de\/index.php\/wp-json\/wp\/v2\/comments?post=140"}],"version-history":[{"count":14,"href":"https:\/\/www.ceoi2023.de\/index.php\/wp-json\/wp\/v2\/pages\/140\/revisions"}],"predecessor-version":[{"id":731,"href":"https:\/\/www.ceoi2023.de\/index.php\/wp-json\/wp\/v2\/pages\/140\/revisions\/731"}],"wp:attachment":[{"href":"https:\/\/www.ceoi2023.de\/index.php\/wp-json\/wp\/v2\/media?parent=140"}],"curies":[{"name":"wp","href":"https:\/\/api.w.org\/{rel}","templated":true}]}}